{"id":29,"date":"2014-05-27T12:03:24","date_gmt":"2014-05-27T11:03:24","guid":{"rendered":"http:\/\/www.romankobiela.com\/domains\/romankobiela.com\/?page_id=29"},"modified":"2014-05-27T12:03:24","modified_gmt":"2014-05-27T11:03:24","slug":"diskografie","status":"publish","type":"page","link":"https:\/\/www.romankobiela.cz\/?page_id=29","title":{"rendered":"DISKOGRAFIE"},"content":{"rendered":"<p><span class=\"verzalky\">Gabriela Ko\u010d\u00ed &amp; Jazz Company<\/span>, feat. G\u00fcnter Ko\u010d\u00ed, Vil\u00e9m Spilka, Petr Blaha, Rudolf \u0160mahel; 2004 CS Sound Brno, CD<\/p>\r\n<p><span class=\"verzalky\">Milan Ka\u0161uba Trio &amp; Moravian Jazz Legends<\/span>, feat. Jarom\u00edr Hnili\u010dka, G\u00fcnter Ko\u010d\u00ed, Milan Ka\u0161uba, Ji\u0159\u00ed Beran, L\u00e1zaro Cruz; 2003 Brno, CD<\/p>\r\n<p><span class=\"verzalky\">L\u00e1zaro Cruz &amp; Jazz Harrassement<\/span>, 2002 \u201elive\u201c Brno, CD<\/p>\r\n<p>Sv\u011bt pln\u00fd and\u011bl\u016f (muzik\u00e1l), <span class=\"verzalky\">Orchestr m\u011bstsk\u00e9ho divadla Brno<\/span>; 2001 Studio G Brno, CD<\/p>\r\n<p><span class=\"verzalky\">Mocca Band<\/span>, feat. Zd. D. Bla\u017eek, Tom\u00e1\u0161 Vesel\u00fd, Jordan Dabov; 2001 CS Sound Brno, CD<\/p>\r\n<p><span class=\"verzalky\">L\u00e1zaro Cruz &amp; Jazz Harrassement<\/span>; 2001 \u201elive\u201c, Hudebn\u00ed festival Kyjov, CD<\/p>\r\n<p><span class=\"verzalky\">Fragment \u2013 Sny (SK)<\/span>, feat. Jana Dol\u00e1kov\u00e1, S. Kotas, E. Form\u00e1nek; 1995 Popron Music, CD<\/p>\r\n<p><span class=\"verzalky\">HB Stop<\/span>, feat. Hana \u010cernohorsk\u00e1 \u2013 Tulip\u00e1n nevyrostl\u00fd; 1994 Monitor Records, FT Rec., CD<\/p>\r\n<p><span class=\"verzalky\">Jazz Ornis<\/span>, feat. Jan Ber\u00e1nek, Roman Pokorn\u00fd, Jazztival Brno 1993, \u010cesk\u00fd rozhlas Brno<\/p>\r\n<p>Rebell \u2013musical, <span class=\"verzalky\">Orchestr Cantus Nova<\/span> (L. Vete\u0161ka \u2013 E. Posp\u00ed\u0161ilov\u00e1); 1992 Pronto Brno,<\/p>\r\n<p>CD; a dal\u0161\u00ed\u2026<\/p>","protected":false},"excerpt":{"rendered":"Gabriela Ko\u010d\u00ed &amp; Jazz Company, feat. G\u00fcnter Ko\u010d\u00ed, Vil\u00e9m Spilka, Petr Blaha, Rudolf \u0160mahel; 2004 CS Sound Brno, CD Milan Ka\u0161uba Trio &amp; Moravian Jazz Legends, feat. Jarom\u00edr Hnili\u010dka, G\u00fcnter Ko\u010d\u00ed, Milan Ka\u0161uba, Ji\u0159\u00ed Beran, L\u00e1zaro Cruz; 2003 Brno, CD L\u00e1zaro Cruz &amp; Jazz Harrassement, 2002 \u201elive\u201c Brno, CD Sv\u011bt pln\u00fd and\u011bl\u016f (muzik\u00e1l), Orchestr m\u011bstsk\u00e9ho [&hellip;]","protected":false},"author":2,"featured_media":0,"parent":0,"menu_order":0,"comment_status":"open","ping_status":"open","template":"","meta":{"ngg_post_thumbnail":0,"footnotes":""},"class_list":["post-29","page","type-page","status-publish","hentry"],"_links":{"self":[{"href":"https:\/\/www.romankobiela.cz\/index.php?rest_route=\/wp\/v2\/pages\/29","targetHints":{"allow":["GET"]}}],"collection":[{"href":"https:\/\/www.romankobiela.cz\/index.php?rest_route=\/wp\/v2\/pages"}],"about":[{"href":"https:\/\/www.romankobiela.cz\/index.php?rest_route=\/wp\/v2\/types\/page"}],"author":[{"embeddable":true,"href":"https:\/\/www.romankobiela.cz\/index.php?rest_route=\/wp\/v2\/users\/2"}],"replies":[{"embeddable":true,"href":"https:\/\/www.romankobiela.cz\/index.php?rest_route=%2Fwp%2Fv2%2Fcomments&post=29"}],"version-history":[{"count":1,"href":"https:\/\/www.romankobiela.cz\/index.php?rest_route=\/wp\/v2\/pages\/29\/revisions"}],"predecessor-version":[{"id":30,"href":"https:\/\/www.romankobiela.cz\/index.php?rest_route=\/wp\/v2\/pages\/29\/revisions\/30"}],"wp:attachment":[{"href":"https:\/\/www.romankobiela.cz\/index.php?rest_route=%2Fwp%2Fv2%2Fmedia&parent=29"}],"curies":[{"name":"wp","href":"https:\/\/api.w.org\/{rel}","templated":true}]}}