{"id":36,"date":"2014-05-27T12:16:50","date_gmt":"2014-05-27T11:16:50","guid":{"rendered":"http:\/\/www.romankobiela.com\/domains\/romankobiela.com\/?page_id=36"},"modified":"2023-10-22T10:16:55","modified_gmt":"2023-10-22T09:16:55","slug":"kontakty","status":"publish","type":"page","link":"https:\/\/www.romankobiela.cz\/?page_id=36","title":{"rendered":"KONTAKTY"},"content":{"rendered":"\n<div class=\"box-levy\">\n<h3 class=\"h3-prvni\">Adresa:<\/h3>\n<span class=\"verzalky\">Roman Kobiela <\/span>\n<span class=\"verzalky\"> \u017ditn\u00e1 23 <\/span>\n<span class=\"verzalky\"> 621 00 Brno<\/span>\n\n<\/div>\n<div>\n<h3 class=\"h3-prvni\">Telefon:<\/h3>\n<span class=\"verzalky\">Telefon: +420 541 228 249<\/span>\n<span class=\"verzalky\"> Mobil: +420 721 221 616<\/span>\n\n<\/div>\n<div class=\"box-clear\">\n<h3>V\u00fduka:<\/h3>\nV\u00fduka hry na bic\u00ed Brno \u2013 ZU\u0160 Brno Vranovsk\u00e1, <a href=\"https:\/\/www.zusvranovska.cz\/\">www.zusvranovska.cz<\/a>\n545 574 893, 739 670 670\n<h3>Distribuce v \u010cR:<\/h3>\nv prodejn\u00e1ch hudebnin (<a href=\"http:\/\/www.barvic-novotny.cz\" target=\"_blank\" rel=\"noopener\">www.barvic-novotny.cz<\/a>), Kanzelsberger, Librex a prost\u0159ednictv\u00edm vydavatelstv\u00ed <a href=\"http:\/\/www.muzikus.cz\" target=\"_blank\" rel=\"noopener\">www.muzikus.cz<\/a>.\n<h3>Zahrani\u010d\u00ed:<\/h3>\n<span class=\"verzalky\">Slovensko<\/span>\n\nNap\u0159. prost\u0159ednictv\u00edm Hudobn\u00e9ho fondu Bratislava, d\u00e1le provozovna Reduta Bratislava (<a href=\"http:\/\/www.expos.sk\" target=\"_blank\" rel=\"noopener\">www.expos.sk<\/a>), Ko\u0161ice (<a href=\"http:\/\/www.madamusic.sk\" target=\"_blank\" rel=\"noopener\">www.madamusic.sk<\/a>; <a href=\"http:\/\/www.amadeo.sk\" target=\"_blank\" rel=\"noopener\">www.amadeo.sk<\/a>)\n\n<span class=\"verzalky\">Polsko<\/span>\n\nProst\u0159ednictv\u00edm spole\u010dnosti Polskie wydawnictwo muzyczne Krak\u00f3w (<a href=\"http:\/\/www.pwm.com.pl\" target=\"_blank\" rel=\"noopener\">www.pwm.com.pl<\/a>) a vydavatele polsko-anglick\u00e9 mutace \u2013 Fraza Wroclaw (<a href=\"http:\/\/www.nuty.pl\" target=\"_blank\" rel=\"noopener\">www.nuty.pl<\/a>).\n\n<span class=\"verzalky\">N\u011bmecko<\/span>\n\nZejm\u00e9na z\u00e1silkovou slu\u017ebou Notenversand Brandt Karlsruhe (<a href=\"http:\/\/www.percussion-brandt.de\" target=\"_blank\" rel=\"noopener\">www.percussion-brandt.de<\/a>); d\u00e1le Hamburg, Mnichov, L\u00fcbeck.\n\n<span class=\"verzalky\">Rakousko<\/span>\n\nV\u00edde\u0148 Drumhouse (<a href=\"http:\/\/www.drumhouse.at\" target=\"_blank\" rel=\"noopener\">www.drumhouse.at<\/a>), Kirchengasse 33.\n\n<span class=\"verzalky\">Ma\u010farsko<\/span>\n\nBudape\u0161\u0165 \u2013 Rozsav\u00f6lgyi Zenem\u00fcbolt, Szervita Ter 5, 1052\n\n<span class=\"verzalky\">\u0160v\u00fdcarsko<\/span>\n\nBasel \u2013 Drum school Martin Andr\u00e9 Gr\u00fctter AG, Frobenstr. 2\n<h3>Media:<\/h3>\n<a href=\"http:\/\/www.muzikus.cz\" target=\"_blank\" rel=\"noopener\">www.muzikus.cz<\/a>, <a href=\"http:\/\/www.sticks.de\" target=\"_blank\" rel=\"noopener\">www.sticks.de<\/a>, <a href=\"http:\/\/www.drumsundpercussion.de\" target=\"_blank\" rel=\"noopener\">www.drumsundpercussion.de<\/a>, <a href=\"http:\/\/www.percussion-creativ.de\" target=\"_blank\" rel=\"noopener\">www.percussion-creativ.de<\/a>, <a href=\"http:\/\/www.music-store.cz\" target=\"_blank\" rel=\"noopener\">www.music-store.cz<\/a>\n<h3>Zna\u010dky:<\/h3>\n<a href=\"http:\/\/www.istanbulmehmet.com\" target=\"_blank\" rel=\"noopener\">www.istanbulmehmet.com<\/a>, <a href=\"http:\/\/www.balbex.eu\" target=\"_blank\" rel=\"noopener\">www.balbex.eu<\/a>, <a href=\"http:\/\/www.mapex.cz\" target=\"_blank\" rel=\"noopener\">www.mapex.cz<\/a>, <a href=\"http:\/\/www.musik-produktiv.de\" target=\"_blank\" rel=\"noopener\">www.musik-produktiv.de<\/a>, <a href=\"http:\/\/www.hudsonmusic.com\" target=\"_blank\" rel=\"noopener\">www.hudsonmusic.com<\/a>, <a href=\"http:\/\/www.lpmusic.com\" target=\"_blank\" rel=\"noopener\">www.lpmusic.com<\/a>, <a href=\"http:\/\/www.zildjian.com\" target=\"_blank\" rel=\"noopener\">www.zildjian.com<\/a>, <a href=\"http:\/\/www.ufip.cz\" target=\"_blank\" rel=\"noopener\">www.ufip.cz<\/a>, <a href=\"http:\/\/www.rolandee.cz\" target=\"_blank\" rel=\"noopener\">www.rolandee.cz<\/a>, <a href=\"http:\/\/www.anatolian.cz\" target=\"_blank\" rel=\"noopener\">www.anatolian.cz<\/a>, <a href=\"http:\/\/www.drumcenter.cz\" target=\"_blank\" rel=\"noopener\">www.drumcenter.cz<\/a>, <a href=\"http:\/\/www.k-audio.cz\" target=\"_blank\" rel=\"noopener\">www.k-audio.cz<\/a>\n<h3>Instituce:<\/h3>\n<a href=\"http:\/\/www.yamahaskola.cz\" target=\"_blank\" rel=\"noopener\">www.yamahaskola.cz<\/a>, <a href=\"http:\/\/www.pas.org\" target=\"_blank\" rel=\"noopener\">www.pas.org<\/a>, <a href=\"http:\/\/www.berklee.edu\" target=\"_blank\" rel=\"noopener\">www.berklee.edu<\/a>, <a href=\"http:\/\/www.futuremusicschool.de\" target=\"_blank\" rel=\"noopener\">www.futuremusicschool.de<\/a>, <a href=\"http:\/\/www.theschool.de\" target=\"_blank\" rel=\"noopener\">www.theschool.de<\/a>, <a href=\"http:\/\/www.drum-tech.co.uk\" target=\"_blank\" rel=\"noopener\">www.drum-tech.co.uk<\/a>, <a href=\"http:\/\/www.mi.edu\" target=\"_blank\" rel=\"noopener\">www.mi.edu<\/a>, <a href=\"http:\/\/www.drummers-focus.de\" target=\"_blank\" rel=\"noopener\">www.drummers-focus.de<\/a>, <a href=\"http:\/\/www.drummers-institute.com\" target=\"_blank\" rel=\"noopener\">www.drummers-institute.com<\/a>\n\n<\/div>\n","protected":false},"excerpt":{"rendered":"Adresa: Roman Kobiela \u017ditn\u00e1 23 621 00 Brno Telefon: Telefon: +420 541 228 249 Mobil: +420 721 221 616 V\u00fduka: V\u00fduka hry na bic\u00ed Brno \u2013 ZU\u0160 Brno Vranovsk\u00e1, www.zusvranovska.cz 545 574 893, 739 670 670 Distribuce v \u010cR: v prodejn\u00e1ch hudebnin (www.barvic-novotny.cz), Kanzelsberger, Librex a prost\u0159ednictv\u00edm vydavatelstv\u00ed www.muzikus.cz. Zahrani\u010d\u00ed: Slovensko Nap\u0159. prost\u0159ednictv\u00edm Hudobn\u00e9ho fondu [&hellip;]","protected":false},"author":2,"featured_media":0,"parent":0,"menu_order":0,"comment_status":"open","ping_status":"open","template":"","meta":{"ngg_post_thumbnail":0,"footnotes":""},"class_list":["post-36","page","type-page","status-publish","hentry"],"_links":{"self":[{"href":"https:\/\/www.romankobiela.cz\/index.php?rest_route=\/wp\/v2\/pages\/36","targetHints":{"allow":["GET"]}}],"collection":[{"href":"https:\/\/www.romankobiela.cz\/index.php?rest_route=\/wp\/v2\/pages"}],"about":[{"href":"https:\/\/www.romankobiela.cz\/index.php?rest_route=\/wp\/v2\/types\/page"}],"author":[{"embeddable":true,"href":"https:\/\/www.romankobiela.cz\/index.php?rest_route=\/wp\/v2\/users\/2"}],"replies":[{"embeddable":true,"href":"https:\/\/www.romankobiela.cz\/index.php?rest_route=%2Fwp%2Fv2%2Fcomments&post=36"}],"version-history":[{"count":3,"href":"https:\/\/www.romankobiela.cz\/index.php?rest_route=\/wp\/v2\/pages\/36\/revisions"}],"predecessor-version":[{"id":603,"href":"https:\/\/www.romankobiela.cz\/index.php?rest_route=\/wp\/v2\/pages\/36\/revisions\/603"}],"wp:attachment":[{"href":"https:\/\/www.romankobiela.cz\/index.php?rest_route=%2Fwp%2Fv2%2Fmedia&parent=36"}],"curies":[{"name":"wp","href":"https:\/\/api.w.org\/{rel}","templated":true}]}}