{"id":38,"date":"2014-05-27T12:20:20","date_gmt":"2014-05-27T11:20:20","guid":{"rendered":"http:\/\/www.romankobiela.com\/domains\/romankobiela.com\/?page_id=38"},"modified":"2023-10-21T18:53:30","modified_gmt":"2023-10-21T17:53:30","slug":"recenze","status":"publish","type":"page","link":"https:\/\/www.romankobiela.cz\/?page_id=38","title":{"rendered":"RECENZE"},"content":{"rendered":"<p><\/p>\n<p><strong>DRUMS &amp; PERCUSSION (GERMANY):<\/strong> \u201c[&#8230;] ein sehr systematisches Arbeitsbuch \u201d<\/p>\n<p><strong>MIKE HAID:<\/strong> \u201eThis seventy-eight-page book should have been titled \u201cUniverse\u201c Of Drumset Rudiments, [\u2026], it would be well worth the effort for any drummer serious about improving his or her hands and four-way independence skills. \u201c<\/p>\n<p><strong>MODERN DRUMMER, The World\u00b4s #1 Drum Magazine, January 2007:<\/strong><\/p>\n<p><img loading=\"lazy\" decoding=\"async\" class=\"alignnone size-full wp-image-62\" src=\"https:\/\/www.romankobiela.cz\/domains\/romankobiela.cz\/wp-content\/uploads\/2014\/05\/stars-rating.png\" alt=\"stars-rating\" width=\"167\" height=\"28\"><\/p>\n<p><strong>DRUMCENTER.CZ:<\/strong><br><a href=\"http:\/\/www.drumcenter.cz\/eshop\/novinka-1094.html\" target=\"_blank\" rel=\"noopener\">http:\/\/www.drumcenter.cz\/eshop\/novinka-1094.html<\/a><\/p>\n<p><strong>MUZIKUS.CZ:<\/strong><br><a href=\"http:\/\/www.muzikus.cz\/pro-muzikanty-clanky\/Promo-Universe-Of-Drumset-Techniques-Technika-hry-na-bici-soupravu-III~21~unor~2012\/\" target=\"_blank\" rel=\"noopener\">http:\/\/www.muzikus.cz\/pro-muzikanty-clanky\/Promo-Universe-Of-Drumset-Techniques-Technika-hry-na-bici-soupravu-III~21~unor~2012\/<\/a><\/p>\n<p><strong>MARTIN VAJGL:<\/strong> \u201eHistoricky prvn\u00ed publikace \u010desk\u00e9ho autora, zab\u00fdvaj\u00edc\u00ed se Snare Drum Rudiments. Nav\u00edc kniha p\u0159in\u00e1\u0161\u00ed roz\u0161\u00ed\u0159en\u00e9 verze oblast\u00ed, zahrnut\u00fdch v prvn\u00edm d\u00edle. Pova\u017euji ob\u011b u\u010debnice za velmi p\u0159\u00ednosn\u00e9 \u0161irok\u00e9mu spektru hr\u00e1\u010d\u016f na bic\u00ed n\u00e1stroje.\u201c<\/p>\n<p><strong>V\u00cdT\u011aZSLAV VAVRDA:<\/strong> \u201eDoporu\u010duji s ohledem na rozsah obou d\u00edl\u016f a \u0161irok\u00fd z\u00e1b\u011br informac\u00ed z oboru.\u201c<\/p>\n<p><strong>PETR KUDIBAL:<\/strong> \u201ePo dlouh\u00e9 dob\u011b se objevil kvalitn\u00ed notov\u00fd materi\u00e1l od \u010desk\u00e9ho autora zahrnuj\u00edc\u00ed \u0161irokou problematiku hry na souprav\u011b bic\u00edch n\u00e1stroj\u016f.\u201c<\/p>\n<p><strong>MARTIN \u0160ULC:<\/strong> \u201eIf you are interested in modern fusion drumming, this book is just for you.\u201c<\/p>\n<p><strong>LADISLAV \u201eVAJCO\u201c DECZI (Laco Deczi Cellula New York):<\/strong> \u201eKnihy obsahuj\u00ed neskute\u010dn\u00e9 mno\u017estv\u00ed zaj\u00edmav\u00fdch cvi\u010den\u00ed.\u201c<\/p>\n<p><strong>MEL GAYNOR (Simple Minds):<\/strong> \u201eKeep writing great book\u2019s.\u201c<\/p>\n<p><strong>STEVE SMITH (Steps Ahead):<\/strong> \u201eGood luck with your book.\u201c<\/p>\n<p><strong>ANDREA VALENTINI (Blood Sweat and Tears):<\/strong> \u201cYou did a great Job!\u201d<\/p>\n<p><strong>JACEK WOZNIAK (Farba-PL):<\/strong> \u201eObydwie ksiazki napisane sa bardzo przejrzy\u0153cie i dostepnie \u2013 polecam.\u201c<\/p>\n<p><strong>EMIL FR\u00c1TRIK, (Martin Kum\u017e\u00e1k and P\u00e1jky Pajk -Orchestr \u010cesko hled\u00e1 Superstar):<\/strong> \u201eWorld of drumset rudiments a Modern fusion drumming su publikacie, ktore prinasaju zasadne a esencionalne informacie pre kazdeho,kto chce co najrychlejsie zvladnut zaklady sucasneho sposobu hrania,bez siahodlheho listovania v stovkach ucebnic.Vrelo odporucam!\u201c<\/p>\n<p><strong>Osobn\u00ed setk\u00e1n\u00ed:<\/strong> Omar Hakim (Madonna), Mark Schulman (Pink, Cher), Billy Cobham; Jim Chapin; Dave Weckl; Akira Jimbo (world drum legends), Paul Wertigo (Pat Metheny Band), Nicko McBrain (Iron Maiden), Bill Steward (John Scofield Trio), Steve Smith, Charly Antolini, Dirk Brandt, Menfred von Bohr, a s dal\u0161\u00edmi \u2026<\/p>\n<h3>RECENZE<\/h3>\n<ul>\n<li>Drums &amp; Percussion (Germany) \u010d. 1\/2013, str. 133<\/li>\n<li>Muzikus \u010d. 4\/2012, str. 14 a 16<\/li>\n<li>Muzikus \u010d. 12\/1999, str. 6; \u010d. 7\/2000, str. 88, 100<\/li>\n<li>Music Store \u010d. 1\/2000, str. 24, 25; \u010d. 4\/2003<\/li>\n<li>Drums &amp; Percussion (Germany) \u010d. 3\/2001, str. 89<\/li>\n<li>Magazyn muzyk\u00f3w \u2013 Gitara i Bass (PL) \u010d. 1\/2003, str. 67<\/li>\n<li>Modern Drummer, The World\u00b4s #1 Drum Magazine, January 2007.<\/li>\n<\/ul>\n<p><\/p>\n\n\n<h2 class=\"wp-block-heading\">Muzikus<\/h2>\n\n\n\n<div class=\"wp-block-group is-nowrap is-layout-flex wp-container-core-group-is-layout-ad2f72ca wp-block-group-is-layout-flex\">\n<figure class=\"wp-block-image size-medium\"><img loading=\"lazy\" decoding=\"async\" width=\"373\" height=\"551\" src=\"https:\/\/www.romankobiela.cz\/wp-content\/uploads\/2023\/10\/RECENZE-CLANEK-Muzikus1-373x551.jpg\" alt=\"\" class=\"wp-image-599\" srcset=\"https:\/\/www.romankobiela.cz\/wp-content\/uploads\/2023\/10\/RECENZE-CLANEK-Muzikus1-373x551.jpg 373w, https:\/\/www.romankobiela.cz\/wp-content\/uploads\/2023\/10\/RECENZE-CLANEK-Muzikus1-640x945.jpg 640w, https:\/\/www.romankobiela.cz\/wp-content\/uploads\/2023\/10\/RECENZE-CLANEK-Muzikus1-768x1134.jpg 768w, https:\/\/www.romankobiela.cz\/wp-content\/uploads\/2023\/10\/RECENZE-CLANEK-Muzikus1-1041x1536.jpg 1041w, https:\/\/www.romankobiela.cz\/wp-content\/uploads\/2023\/10\/RECENZE-CLANEK-Muzikus1-1387x2048.jpg 1387w, https:\/\/www.romankobiela.cz\/wp-content\/uploads\/2023\/10\/RECENZE-CLANEK-Muzikus1.jpg 1527w\" sizes=\"auto, (max-width: 373px) 100vw, 373px\" \/><\/figure>\n\n\n\n<figure class=\"wp-block-image size-medium\"><img loading=\"lazy\" decoding=\"async\" width=\"373\" height=\"561\" src=\"https:\/\/www.romankobiela.cz\/wp-content\/uploads\/2023\/10\/RECENZE-CLANEK-Muzikus2-373x561.jpg\" alt=\"\" class=\"wp-image-600\" srcset=\"https:\/\/www.romankobiela.cz\/wp-content\/uploads\/2023\/10\/RECENZE-CLANEK-Muzikus2-373x561.jpg 373w, https:\/\/www.romankobiela.cz\/wp-content\/uploads\/2023\/10\/RECENZE-CLANEK-Muzikus2-640x962.jpg 640w, https:\/\/www.romankobiela.cz\/wp-content\/uploads\/2023\/10\/RECENZE-CLANEK-Muzikus2-768x1155.jpg 768w, https:\/\/www.romankobiela.cz\/wp-content\/uploads\/2023\/10\/RECENZE-CLANEK-Muzikus2-1021x1536.jpg 1021w, https:\/\/www.romankobiela.cz\/wp-content\/uploads\/2023\/10\/RECENZE-CLANEK-Muzikus2-1362x2048.jpg 1362w, https:\/\/www.romankobiela.cz\/wp-content\/uploads\/2023\/10\/RECENZE-CLANEK-Muzikus2.jpg 1483w\" sizes=\"auto, (max-width: 373px) 100vw, 373px\" \/><\/figure>\n<\/div>\n","protected":false},"excerpt":{"rendered":"DRUMS &amp; PERCUSSION (GERMANY): \u201c[&#8230;] ein sehr systematisches Arbeitsbuch \u201d MIKE HAID: \u201eThis seventy-eight-page book should have been titled \u201cUniverse\u201c Of Drumset Rudiments, [\u2026], it would be well worth the effort for any drummer serious about improving his or her hands and four-way independence skills. \u201c MODERN DRUMMER, The World\u00b4s #1 Drum Magazine, January 2007: [&hellip;]","protected":false},"author":2,"featured_media":0,"parent":0,"menu_order":0,"comment_status":"open","ping_status":"open","template":"","meta":{"ngg_post_thumbnail":0,"footnotes":""},"class_list":["post-38","page","type-page","status-publish","hentry"],"_links":{"self":[{"href":"https:\/\/www.romankobiela.cz\/index.php?rest_route=\/wp\/v2\/pages\/38","targetHints":{"allow":["GET"]}}],"collection":[{"href":"https:\/\/www.romankobiela.cz\/index.php?rest_route=\/wp\/v2\/pages"}],"about":[{"href":"https:\/\/www.romankobiela.cz\/index.php?rest_route=\/wp\/v2\/types\/page"}],"author":[{"embeddable":true,"href":"https:\/\/www.romankobiela.cz\/index.php?rest_route=\/wp\/v2\/users\/2"}],"replies":[{"embeddable":true,"href":"https:\/\/www.romankobiela.cz\/index.php?rest_route=%2Fwp%2Fv2%2Fcomments&post=38"}],"version-history":[{"count":6,"href":"https:\/\/www.romankobiela.cz\/index.php?rest_route=\/wp\/v2\/pages\/38\/revisions"}],"predecessor-version":[{"id":602,"href":"https:\/\/www.romankobiela.cz\/index.php?rest_route=\/wp\/v2\/pages\/38\/revisions\/602"}],"wp:attachment":[{"href":"https:\/\/www.romankobiela.cz\/index.php?rest_route=%2Fwp%2Fv2%2Fmedia&parent=38"}],"curies":[{"name":"wp","href":"https:\/\/api.w.org\/{rel}","templated":true}]}}