{"id":40,"date":"2014-05-27T12:23:55","date_gmt":"2014-05-27T11:23:55","guid":{"rendered":"http:\/\/www.romankobiela.com\/domains\/romankobiela.com\/?page_id=40"},"modified":"2023-10-22T10:29:01","modified_gmt":"2023-10-22T09:29:01","slug":"video","status":"publish","type":"page","link":"https:\/\/www.romankobiela.cz\/?page_id=40","title":{"rendered":"VIDEO"},"content":{"rendered":"\n<h3 class=\"wp-block-heading\">5\/4 Take Five<\/h3>\n\n\n\n<div class=\"video\"><iframe loading=\"lazy\" src=\"\/\/www.youtube.com\/embed\/g7wemEevLsg\" width=\"640\" height=\"360\" frameborder=\"0\" allowfullscreen=\"allowfullscreen\"><\/iframe><\/div>\n\n\n\n<h3 class=\"wp-block-heading\">Orchestr Gustava Sold\u00e1na<\/h3>\n\n\n\n<div class=\"video\"><iframe loading=\"lazy\" src=\"\/\/www.youtube.com\/embed\/WRvZcat0OdQ\" width=\"640\" height=\"360\" frameborder=\"0\" allowfullscreen=\"allowfullscreen\"><\/iframe><\/div>\n\n\n\n<h3 class=\"wp-block-heading\">&#8220;7\/8: Oriental Picturebook<\/h3>\n\n\n\n<div class=\"video\"><iframe loading=\"lazy\" src=\"\/\/www.youtube.com\/embed\/XyPlLMSNxgE\" width=\"640\" height=\"360\" frameborder=\"0\" allowfullscreen=\"allowfullscreen\"><\/iframe><\/div>\n\n\n\n<h3 class=\"wp-block-heading\">AmericanPatrol\/fragment\/-Big-band MR Swing Brno a hoste &#8211; 2007<\/h3>\n\n\n\n<div class=\"video\"><iframe loading=\"lazy\" src=\"\/\/www.youtube.com\/embed\/6TRR8UWjsWg\" width=\"640\" height=\"480\" frameborder=\"0\" allowfullscreen=\"allowfullscreen\"><\/iframe><\/div>\n\n\n\n<h3 class=\"wp-block-heading\">Pozor rarita<\/h3>\n\n\n\n<div class=\"video\"><iframe loading=\"lazy\" src=\"\/\/www.youtube.com\/embed\/kPtIxEgL0xQ\" width=\"640\" height=\"360\" frameborder=\"0\" allowfullscreen=\"allowfullscreen\"><\/iframe><\/div>\n\n\n\n<h3 class=\"wp-block-heading\">Dal\u0161\u00ed videouk\u00e1zky:<\/h3>\n\n\n\n<p><a href=\"http:\/\/www.ceskatelevize.cz\/ivysilani\/10396278677-zive-na-jednicce\/312292320120013\/\" target=\"_blank\" rel=\"noopener\">http:\/\/www.ceskatelevize.cz\/ivysilani\/10396278677-zive-na-jednicce\/312292320120013\/<\/a><\/p>\n\n\n\n<p><a rel=\"noopener\" href=\"http:\/\/ceskatelevize.cz\/porady\/10122427178-udalosti-v-regionech\/311281381990714\/video\/http:\/\/www.youtube.com\/watch?v=XXj1GpWCcRQ\" target=\"_blank\">http:\/\/ceskatelevize.cz\/porady\/10122427178-udalosti-v-regionech\/311281381990714\/video\/<\/a><\/p>\n\n\n\n<p><a href=\"http:\/\/www.youtube.com\/watch?v=XXj1GpWCcRQ\">http:\/\/www.youtube.com\/watch?v=XXj1GpWCcRQ<\/a><\/p>\n\n\n\n<h3 class=\"wp-block-heading\">HB stop<\/h3>\n\n\n\n<div class=\"video\"><iframe loading=\"lazy\" src=\"\/\/www.youtube.com\/embed\/XXj1GpWCcRQ\" width=\"640\" height=\"360\" frameborder=\"0\" allowfullscreen=\"allowfullscreen\"><\/iframe><\/div>\n\n\n\n<h3 class=\"wp-block-heading\">tane\u010dn\u00ed orchestr Night and Day Brno<\/h3>\n\n\n\n<div class=\"video\"><iframe loading=\"lazy\" src=\"\/\/www.youtube.com\/embed\/ZRzuPYsQqug\" width=\"640\" height=\"360\" frameborder=\"0\" allowfullscreen=\"allowfullscreen\"><\/iframe><\/div>\n\n\n\n<h3 class=\"wp-block-heading\">Louis Armstrong Revival<\/h3>\n\n\n\n<div class=\"video\"><iframe loading=\"lazy\" src=\"\/\/www.youtube.com\/embed\/H_XMPlxD7YQ\" width=\"640\" height=\"360\" frameborder=\"0\" allowfullscreen=\"allowfullscreen\"><\/iframe><\/div>\n<div class=\"video\"><iframe loading=\"lazy\" src=\"\/\/www.youtube.com\/embed\/wAoiYhTJSZE\" width=\"640\" height=\"360\" frameborder=\"0\" allowfullscreen=\"allowfullscreen\"><\/iframe><\/div>\n\n\n\n<h3 class=\"wp-block-heading\">Simi Barazi Band Jazz aus Brno<\/h3>\n\n\n\n<div class=\"video\"><iframe loading=\"lazy\" src=\"\/\/www.youtube.com\/embed\/SH8HcHHhqaY\" width=\"640\" height=\"480\" frameborder=\"0\" allowfullscreen=\"allowfullscreen\"><\/iframe><\/div>\n\n\n\n<h3 class=\"wp-block-heading\">Simi Barazi Band Meeting Brno<\/h3>\n\n\n\n<div class=\"video\"><iframe loading=\"lazy\" src=\"\/\/www.youtube.com\/embed\/qKIKxAI32tI\" width=\"640\" height=\"360\" frameborder=\"0\" allowfullscreen=\"allowfullscreen\"><\/iframe><\/div>\n","protected":false},"excerpt":{"rendered":"5\/4 Take Five Orchestr Gustava Sold\u00e1na &#8220;7\/8: Oriental Picturebook AmericanPatrol\/fragment\/-Big-band MR Swing Brno a hoste &#8211; 2007 Pozor rarita Dal\u0161\u00ed videouk\u00e1zky: http:\/\/www.ceskatelevize.cz\/ivysilani\/10396278677-zive-na-jednicce\/312292320120013\/ http:\/\/ceskatelevize.cz\/porady\/10122427178-udalosti-v-regionech\/311281381990714\/video\/ http:\/\/www.youtube.com\/watch?v=XXj1GpWCcRQ HB stop tane\u010dn\u00ed orchestr Night and Day Brno Louis Armstrong Revival Simi Barazi Band Jazz aus Brno Simi Barazi Band Meeting Brno","protected":false},"author":2,"featured_media":0,"parent":0,"menu_order":0,"comment_status":"open","ping_status":"open","template":"","meta":{"ngg_post_thumbnail":0,"footnotes":""},"class_list":["post-40","page","type-page","status-publish","hentry"],"_links":{"self":[{"href":"https:\/\/www.romankobiela.cz\/index.php?rest_route=\/wp\/v2\/pages\/40","targetHints":{"allow":["GET"]}}],"collection":[{"href":"https:\/\/www.romankobiela.cz\/index.php?rest_route=\/wp\/v2\/pages"}],"about":[{"href":"https:\/\/www.romankobiela.cz\/index.php?rest_route=\/wp\/v2\/types\/page"}],"author":[{"embeddable":true,"href":"https:\/\/www.romankobiela.cz\/index.php?rest_route=\/wp\/v2\/users\/2"}],"replies":[{"embeddable":true,"href":"https:\/\/www.romankobiela.cz\/index.php?rest_route=%2Fwp%2Fv2%2Fcomments&post=40"}],"version-history":[{"count":7,"href":"https:\/\/www.romankobiela.cz\/index.php?rest_route=\/wp\/v2\/pages\/40\/revisions"}],"predecessor-version":[{"id":605,"href":"https:\/\/www.romankobiela.cz\/index.php?rest_route=\/wp\/v2\/pages\/40\/revisions\/605"}],"wp:attachment":[{"href":"https:\/\/www.romankobiela.cz\/index.php?rest_route=%2Fwp%2Fv2%2Fmedia&parent=40"}],"curies":[{"name":"wp","href":"https:\/\/api.w.org\/{rel}","templated":true}]}}