{"id":49,"date":"2014-05-27T12:55:22","date_gmt":"2014-05-27T11:55:22","guid":{"rendered":"http:\/\/www.romankobiela.com\/domains\/romankobiela.com\/?page_id=49"},"modified":"2023-10-14T14:34:34","modified_gmt":"2023-10-14T13:34:34","slug":"modern-fusiondrumming-2000","status":"publish","type":"page","link":"https:\/\/www.romankobiela.cz\/?page_id=49","title":{"rendered":"MODERN FUSION<br \/>DRUMMING 2000"},"content":{"rendered":"<p><\/p>\n<p>&nbsp;<\/p>\n<div class=\"obrazek-float\"><img loading=\"lazy\" decoding=\"async\" src=\"https:\/\/www.romankobiela.cz\/wp-content\/uploads\/2014\/05\/titul1_cz-373x527.jpg\" alt=\"Modern Fusion Drumming 2000\" width=\"373\" height=\"527\"><\/div>\n<h3 class=\"h3-prvni\">Technika hry na bic\u00ed soupravu I. \u2013 Modern Fusion Drumming 2000<\/h3>\n<p>Rok vyd\u00e1n\u00ed 1999, \u010desko-anglick\u00e1 verze, ISBN-80-238-3858-X, ISMN M-66051-107-7<\/p>\n<p>Publikace je zam\u011b\u0159ena na kategorii modern\u00ed instrument\u00e1ln\u00ed techniky a je prezentov\u00e1na takov\u00fdm zp\u016fsobem, aby hr\u00e1\u010d po pe\u010dliv\u00e9m prostudov\u00e1n\u00ed a zvl\u00e1dnut\u00ed jednotliv\u00fdch t\u00e9matick\u00fdch celk\u016f ovl\u00e1dal techniku hry na s\u00f3listick\u00e9 \u00farovni. V d\u016fsledku dnes ji\u017e nezbytn\u00e9 multi\u017e\u00e1nrov\u00e9 flrxibility hr\u00e1\u010de je zde d\u016fraz polo\u017een na aktu\u00e1ln\u00ed sm\u011br fusion, tedy spojen\u00ed hudebn\u00edch styl\u016f z oblast\u00ed pop, world music, rock, jazz, latin, funk, hip-hop a dal\u0161\u00edch.<\/p>\n<p>Materi\u00e1ly jsou rozd\u011bleny do jednotliv\u00fdch kapitol s jejich podskupinami, prost\u0159ednict\u00edm kter\u00fdch se jednotliv\u011b zab\u00fdv\u00e1m problematikou technick\u00e9 hry nejr\u016fzn\u011bj\u0161\u00edch postup\u016f koordinace kon\u010detin v dan\u00fdch rytmick\u00fdch p\u00e1smech a dynamick\u00fdch intenzit\u00e1ch. Postupn\u011b se zb\u00fdv\u00e1m technikou ovl\u00e1d\u00e1n\u00ed rukou, ped\u00e1lovou technikou velk\u00e9ho bubnu i hi-hat a jejich kombinacemi na bic\u00ed souprav\u011b. Uveden\u00e9 p\u0159\u00edklady doporu\u010duji hr\u00e1t akcentovan\u00fdmi i neakcentovan\u00fdmi \u00fadery st\u0159\u00eddav\u00fdmi, dvojit\u00fdmi, trojit\u00fdmi, \u010dty\u0159n\u00e1sobn\u00fdmi a d\u00e1le \u00fadery s p\u0159\u00edrazy, unisono a paradiddle. Pozornost v\u011bnuji rovn\u011b\u017e jednotliv\u00fdm faktor\u016fm doprovodn\u00fdch rytm\u016f v podob\u011b ostin\u00e1tn\u00edch doprovod\u016f a ozdobn\u00fdch not typu \u201eghost notes\u201d, d\u00e1le koordina\u010dn\u00edm rozklad\u016fm a na z\u00e1v\u011br i takt\u016fm s lich\u00fdm po\u010dtem dob, tedy 5\/8, 7\/8, 3\/4, resp. 6\/8.<\/p>\n<p>Jde o na na\u0161em trhu ojedin\u011blou, dvojjazy\u010dnou komplexn\u00ed cvi\u010deb\u00ed systematiku hry na soupravu bic\u00edch n\u00e1stroj\u016f, kter\u00e1 je ur\u010dena m\u00edrn\u011b a\u017e vysoce pokro\u010dil\u00fdm hr\u00e1\u010d\u016fm, vhodn\u00e1 zejm\u00e9na pro studenty hudebn\u00edch \u0161kol. V p\u0159\u00edpad\u011b samostudia doporu\u010duji odborn\u00fd dohled kvalifikovan\u00e9ho lektora, nejl\u00e9pe z \u0159ad v\u00fdkonn\u00fdch hudebn\u00edk\u016f.<\/p>\n<p>P\u0159edpokl\u00e1d\u00e1m proto rovn\u011b\u017e z hlediska \u010dten\u00ed notov\u00e9ho z\u00e1pisu ur\u010ditou hr\u00e1\u010dskou vysp\u011blost, d\u00e1le spr\u00e1vn\u00e9 dr\u017een\u00ed pali\u010dek, resp. vyu\u017e\u00edv\u00e1n\u00ed prstov\u00e9 techniky, optim\u00e1ln\u00ed rozm\u00edst\u011bn\u00ed a vhodn\u00fd kvantitativn\u00ed rozsah n\u00e1stroj\u016f v bic\u00ed souprav\u011b, znalost triolov\u00e9ho d\u011blen\u00ed not, v\u00ed\u0159en\u00ed, v\u00fdpln\u00ed a dal\u0161\u00ed nezbytn\u00e9 dovednosti.<\/p>\n<h3>OBSAH PUBLIKACE:<\/h3>\n<p><span class=\"verzalky\">Technika ovl\u00e1d\u00e1n\u00ed rukou<\/span><\/p>\n<p>P\u0159ehled rytmick\u00fdch hodnot a rytmick\u00e9 kombinace, p\u0159\u00edrazov\u00e9 noty jednoduch\u00e9, dvojit\u00e9, trojit\u00e9 a \u010dty\u0159n\u00e1sobn\u00e9. D\u00e1le rytmick\u00e9 kombinace v\u010detn\u011b p\u0159\u00edrazov\u00fdch not a v\u00ed\u0159en\u00ed, hra not akcentovan\u00fdch a neakcentovan\u00fdch v osminov\u00e9m, \u0161estn\u00e1ctinov\u00e9m, triolov\u00e9m a \u0161estn\u00e1ctinov\u00e9m triolov\u00e9m z\u00e1pisu.<\/p>\n<p><span class=\"verzalky\">Ped\u00e1lov\u00e1 technika velk\u00e9ho (basov\u00e9ho) bubnu<\/span><\/p>\n<p>P\u0159ehled pou\u017e\u00edvan\u00fdch rytmick\u00fdch hodnot, cvi\u010den\u00ed pro velk\u00fd buben, \u010dinel Ride a mal\u00fd buben, d\u00e1le pak cvi\u010den\u00ed pro velk\u00fd i mal\u00fd buben v osminov\u00e9m, \u0161estn\u00e1ctinov\u00e9m a triolov\u00e9m z\u00e1pisu.<\/p>\n<p><span class=\"verzalky\">Koordinace hry na bic\u00ed souprav\u011b<\/span><\/p>\n<p>P\u0159ehled rytmick\u00fdch hodnot a rytmick\u00e9 kombinace, hra not akcentovan\u00fdch a neakcentovan\u00fdch v \u0161estn\u00e1ctinov\u00e9m a triolov\u00e9m z\u00e1pisu.<\/p>\n<p><span class=\"verzalky\">Paradiddle a p\u0159\u00edpravn\u00e9 verze rukoklad\u016f<\/span><\/p>\n<p>Jednoduch\u00e9, dvojit\u00e9, trojit\u00e9 a nepravideln\u00e9 paradiddle.<\/p>\n<p><span class=\"verzalky\">Faktory doprovodn\u00fdch rytm\u016f<\/span><\/p>\n<p>Hra ostin\u00e1tn\u00edch doprovod\u016f, ozdobn\u00e9 noty \u201cghost notes\u201d a p\u0159\u00edpravn\u00e1 cvi\u010den\u00ed. D\u00e1le jazzov\u00e9 doprovodu v tempu medium, presto \u2013 prestissimo.<\/p>\n<p><span class=\"verzalky\">Koordina\u010dn\u00ed rozklady<\/span><\/p>\n<p>Osminov\u00e9, \u0161estn\u00e1ctinov\u00e9 a triolov\u00e9 p\u00e1smo.<\/p>\n<p><span class=\"verzalky\">Hra takt\u016f s lich\u00fdm po\u010dtem dob<\/span><\/p>\n<p>Takt 3\/4, 6\/8, 5\/8, 7\/8 \u2013 rytmick\u00e9 kombinace, hra not akcentovan\u00fdch, neakcentovan\u00fdch a paradiddle.<\/p>\n<p>Modern Fusion Drumming \u2013 Nowoczesna technika gry na zestawie perkusyjnym<br \/>ISMN M 69302-127-7<\/p>\n<p>Tato hudebnina byla vyd\u00e1na v Polsku na sklonku roku 1993 renomovanou spole\u010dnost\u00ed Fraza Wroclaw (<a href=\"http:\/\/www.nuty.pl\" target=\"_blank\" rel=\"noopener noreferrer\">www.nuty.pl<\/a>) v polsko-anglick\u00e9 verzi.<\/p>\n<p><\/p>\n\n\n<p><\/p>\n","protected":false},"excerpt":{"rendered":"&nbsp; Technika hry na bic\u00ed soupravu I. \u2013 Modern Fusion Drumming 2000 Rok vyd\u00e1n\u00ed 1999, \u010desko-anglick\u00e1 verze, ISBN-80-238-3858-X, ISMN M-66051-107-7 Publikace je zam\u011b\u0159ena na kategorii modern\u00ed instrument\u00e1ln\u00ed techniky a je prezentov\u00e1na takov\u00fdm zp\u016fsobem, aby hr\u00e1\u010d po pe\u010dliv\u00e9m prostudov\u00e1n\u00ed a zvl\u00e1dnut\u00ed jednotliv\u00fdch t\u00e9matick\u00fdch celk\u016f ovl\u00e1dal techniku hry na s\u00f3listick\u00e9 \u00farovni. V d\u016fsledku dnes ji\u017e nezbytn\u00e9 multi\u017e\u00e1nrov\u00e9 [&hellip;]","protected":false},"author":2,"featured_media":0,"parent":0,"menu_order":0,"comment_status":"open","ping_status":"open","template":"","meta":{"ngg_post_thumbnail":0,"footnotes":""},"class_list":["post-49","page","type-page","status-publish","hentry"],"_links":{"self":[{"href":"https:\/\/www.romankobiela.cz\/index.php?rest_route=\/wp\/v2\/pages\/49","targetHints":{"allow":["GET"]}}],"collection":[{"href":"https:\/\/www.romankobiela.cz\/index.php?rest_route=\/wp\/v2\/pages"}],"about":[{"href":"https:\/\/www.romankobiela.cz\/index.php?rest_route=\/wp\/v2\/types\/page"}],"author":[{"embeddable":true,"href":"https:\/\/www.romankobiela.cz\/index.php?rest_route=\/wp\/v2\/users\/2"}],"replies":[{"embeddable":true,"href":"https:\/\/www.romankobiela.cz\/index.php?rest_route=%2Fwp%2Fv2%2Fcomments&post=49"}],"version-history":[{"count":6,"href":"https:\/\/www.romankobiela.cz\/index.php?rest_route=\/wp\/v2\/pages\/49\/revisions"}],"predecessor-version":[{"id":569,"href":"https:\/\/www.romankobiela.cz\/index.php?rest_route=\/wp\/v2\/pages\/49\/revisions\/569"}],"wp:attachment":[{"href":"https:\/\/www.romankobiela.cz\/index.php?rest_route=%2Fwp%2Fv2%2Fmedia&parent=49"}],"curies":[{"name":"wp","href":"https:\/\/api.w.org\/{rel}","templated":true}]}}