{"id":51,"date":"2014-05-27T12:56:57","date_gmt":"2014-05-27T11:56:57","guid":{"rendered":"http:\/\/www.romankobiela.com\/domains\/romankobiela.com\/?page_id=51"},"modified":"2014-06-16T09:03:28","modified_gmt":"2014-06-16T08:03:28","slug":"universe-of-drumset-techniques","status":"publish","type":"page","link":"https:\/\/www.romankobiela.cz\/?page_id=51","title":{"rendered":"UNIVERSE OF DRUMSET TECHNIQUES"},"content":{"rendered":"<p>&nbsp;<\/p>\r\n<div class=\"obrazek-float\"><img loading=\"lazy\" decoding=\"async\" class=\"alignnone size-medium wp-image-396\" alt=\"UNIVERSE OF DRUMSET TECHNIQUES\" src=\"https:\/\/www.romankobiela.cz\/domains\/romankobiela.cz\/wp-content\/uploads\/2014\/05\/titul3_cz-373x526.jpg\" width=\"373\" height=\"526\" srcset=\"https:\/\/www.romankobiela.cz\/wp-content\/uploads\/2014\/05\/titul3_cz-373x526.jpg 373w, https:\/\/www.romankobiela.cz\/wp-content\/uploads\/2014\/05\/titul3_cz.jpg 597w\" sizes=\"auto, (max-width: 373px) 100vw, 373px\" \/><\/div>\r\n<h3 class=\"h3-prvni\">Technika hry na bic\u00ed soupravu III. \u2013 UNIVERSE OF DRUMSET TECHNIQUES<\/h3>\r\n<p>Rok vyd\u00e1n\u00ed 2011, \u010desko-anglick\u00e1 verze, ISBN978-80-254-9389-2; EAN978-80-254-9389-2; ISMN 979-0-66051-949-3<\/p>\r\n<p>Tato publikace je pokra\u010dov\u00e1n\u00edm p\u0159edchoz\u00edch \u010d\u00e1st\u00ed \u2013 Technika hry na bic\u00ed soupravu I. \u2013 Modern Fusion Drumming 2000, a Technika hry na bic\u00ed soupravu II. \u2013 World of Drumset Rudiments. Rovn\u011b\u017e tento titul vych\u00e1z\u00ed ze standardn\u00edch metodick\u00fdch prvk\u016f v\u00fduky, kter\u00e9 byly pou\u017e\u00edv\u00e1ny nap\u0159. v zahrani\u010dn\u00edch arm\u00e1d\u00e1ch ji\u017e od 19. stolet\u00ed. U n\u00e1s jsou zn\u00e1my p\u0159edehry k pochod\u016fm, tzv. an\u0161l\u00e1gy, nap\u0159. rakousko-uhersk\u00fd, p\u0159\u00edp. skotsk\u00fd, francouzsk\u00fd. Jen pro p\u0159ipomenut\u00ed \u2013 p\u016fvodn\u011b \u0161lo o v\u00fdb\u011br rytmick\u00fdch vzor\u016f tzv. Standard 26 American Drum Rudiments, posl\u00e9ze byly spole\u010dnost\u00ed Percussive Arts Society roz\u0161\u00ed\u0159eny na International 40 Snare Drum Rudiments. Nyn\u00ed je t\u0159eba br\u00e1t v \u00favahu i jejich odvozen\u00e9 obraty, r\u016fzn\u00e9 druhy metod jejich procvi\u010dov\u00e1n\u00ed a hlavn\u011b \u2013 v r\u00e1mci modern\u00ed hry \u2013 jejich aplikaci na souprav\u011b bic\u00edch n\u00e1stroj\u016f.<\/p>\r\n<p>Cvi\u010den\u00ed v t\u00e9to \u0159ad\u011b publikac\u00ed jsou se\u0159azena tak, aby dan\u00e9 tematick\u00e9 okruhy jednotliv\u00fdch d\u00edl\u016f byly systematicky prov\u00e1zan\u00e9. C\u00edlem titulu je pr\u016fb\u011b\u017en\u00e9 rozv\u00edjen\u00ed rytmick\u00e9ho c\u00edt\u011bn\u00ed hr\u00e1\u010de; postupn\u00e9 zvl\u00e1d\u00e1n\u00ed jednotliv\u00fdch element\u016f techniky hry \u2013 a to v mnoha hudebn\u00edch \u017e\u00e1nrech, nap\u0159. popu, rocku, swingu, tradi\u010dn\u00edm i modern\u00edm jazzu, funky, fusion, country, d\u00e1le v oblasti latinskoamerick\u00fdch i afrokub\u00e1nsk\u00fdch rytm\u016f. Cvi\u010den\u00ed jsou dob\u0159e pou\u017eiteln\u00e1 i v oblasti sou\u010dasn\u00e9 rockov\u00e9 hudby, v\u010detn\u011b r\u016fzn\u00fdch metalov\u00fdch \u017e\u00e1nr\u016f a kategorie tzv. progressive rock, kter\u00fd klade n\u00e1roky na nadpr\u016fm\u011brn\u011b zvl\u00e1dnutou techniku hry rukou i nohou. Materi\u00e1ly jsou rozd\u011bleny do jednotliv\u00fdch kapitol, prost\u0159ednictv\u00edm kter\u00fdch se jednotliv\u011b zab\u00fdv\u00e1m problematikou nejr\u016fzn\u011bj\u0161\u00edch postup\u016f koordinace kon\u010detin v obou rytmick\u00fdch p\u00e1smech, tedy v osminov\u00e9m \u010di \u0161estn\u00e1ctinov\u00e9m z\u00e1pise (angl. \u201estraight\u201c \u010di \u201eeven feel\u201c nebo \u201ebinary\u201c); a triolov\u00e9m z\u00e1pise (\u201etriplet feel\u201c nebo \u201eternary\u201c), resp. v rytmech \u201eshuffle\u201c.<\/p>\r\n<p>Krom\u011b pokra\u010dov\u00e1n\u00ed a roz\u0161\u00ed\u0159en\u00ed t\u00e9mat z p\u0159edchoz\u00edch d\u00edl\u016f, jako nap\u0159. rozcvi\u010dovac\u00ed verze rukoklad\u016f, rytmick\u00e9 stupnice s r\u016fzn\u00fdmi typy v\u00ed\u0159en\u00ed, je v \u00favodn\u00edch \u010d\u00e1stech pozornost postupn\u011b v\u011bnov\u00e1na technice ovl\u00e1d\u00e1n\u00ed rukou, ped\u00e1lov\u00e9 technice velk\u00e9ho bubnu i hi-hat a jejich koordinaci na bic\u00ed souprav\u011b. Uveden\u00e9 p\u0159\u00edklady doporu\u010duji hr\u00e1t akcentovan\u00fdmi i neakcentovan\u00fdmi \u00fadery st\u0159\u00eddav\u00fdmi, dvojit\u00fdmi, v\u00ed\u0159iv\u00fdmi, unisono a paradiddle s vyzna\u010den\u00fdmi mo\u017enostmi hry obou nohou. Rovn\u011b\u017e rozvoj techniky hry velk\u00e9ho, resp. dvou velk\u00fdch bubn\u016f st\u00e1le zaznamen\u00e1v\u00e1 velk\u00fd posun, proto byla do titulu za\u0159azena nejen ostin\u00e1tn\u00ed cvi\u010den\u00ed v doprovodech. Nechyb\u00ed ani pokro\u010dil\u00e9j\u0161\u00ed rytmick\u00e9 vzory, tzv. patterny, kter\u00e9 nutno nacvi\u010dovat ve zvl\u00e1\u0161t\u011b pomal\u00fdch tempech. Tot\u00e9\u017e plat\u00ed i pro cvi\u010den\u00ed koordina\u010dn\u00edch rozklad\u016f, kter\u00fdm se v\u011bnuji ve t\u0159et\u00ed \u010d\u00e1sti. Jde nap\u0159\u00edklad o jednodob\u00e9 variace skupinek not a p\u0159\u00edrazov\u00fdch not dvojit\u00fdch, trojit\u00fdch a \u010dty\u0159n\u00e1sobn\u00fdch. Posl\u00e9ze se zab\u00fdv\u00e1m p\u0159\u00edklady takt\u016f s lich\u00fdm po\u010dtem dob, tedy rytmy 3\/4 a 6\/8 se cvi\u010den\u00edmi v\u00ed\u0159en\u00ed a v podob\u011b doprovodn\u00fdch rytm\u016f. Z\u00e1v\u011bre\u010dn\u00e9 praktick\u00e9 kapitoly, nap\u0159. \u201eJazz&amp;Fusion\u201c, obsahuj\u00ed dal\u0161\u00ed prvky bin\u00e1rn\u00edch i tern\u00e1rn\u00edch doprovodn\u00fdch rytm\u016f, v\u010detn\u011b ozdobn\u00fdch not typu \u201eghost strokes\u201c s p\u0159\u00edpravn\u00fdmi rukoklady, kter\u00e9 doporu\u010duji cvi\u010dit rovn\u011b\u017e jako v\u00ed\u0159\u00edv\u00e9 \u00fadery a \u00fadery typu \u201erim click\u201c. Swingov\u00e9 doprovody, zn\u00e1m\u00e9 u\u017e z tzv. big-bandov\u00e9 \u00e9ry, obsahuj\u00ed nejpou\u017e\u00edvan\u011bj\u0161\u00ed jedno- a dvoutaktov\u00e9 rytmick\u00e9 fr\u00e1ze. Jako bonus uv\u00e1d\u00edm p\u0159\u00edklady modern\u00edch kombinovan\u00fdch rytm\u016f, tzv. open-handed playing, \u010dili doprovod hran\u00fd soub\u011b\u017en\u011b ob\u011bma rukama, nap\u0159. pravou na \u010dinel Ride a levou na Hi-hat.<\/p>\r\n<p>Spolu s p\u0159edchoz\u00edmi tituly jde o ojedin\u011blou dvojjazy\u010dnou komplexn\u00ed cvi\u010debn\u00ed systematiku hry na soupravu bic\u00edch n\u00e1stroj\u016f. Publikace s velk\u00fdm mno\u017estv\u00edm informac\u00ed v\u010detn\u011b p\u016fvodn\u00ed odborn\u00e9 terminologie jsou dostupn\u00e9 i v\u00fdhradn\u011b v anglick\u00e9 verzi s podtituly The Encyclopedia of Technique and Groove. Jsou ur\u010deny m\u00edrn\u011b a\u017e vysoce pokro\u010dil\u00fdm hr\u00e1\u010d\u016fm a vhodn\u00e9 zejm\u00e9na pro studenty hudebn\u00edch \u0161kol.<\/p>","protected":false},"excerpt":{"rendered":"&nbsp; Technika hry na bic\u00ed soupravu III. \u2013 UNIVERSE OF DRUMSET TECHNIQUES Rok vyd\u00e1n\u00ed 2011, \u010desko-anglick\u00e1 verze, ISBN978-80-254-9389-2; EAN978-80-254-9389-2; ISMN 979-0-66051-949-3 Tato publikace je pokra\u010dov\u00e1n\u00edm p\u0159edchoz\u00edch \u010d\u00e1st\u00ed \u2013 Technika hry na bic\u00ed soupravu I. \u2013 Modern Fusion Drumming 2000, a Technika hry na bic\u00ed soupravu II. \u2013 World of Drumset Rudiments. Rovn\u011b\u017e tento titul vych\u00e1z\u00ed [&hellip;]","protected":false},"author":2,"featured_media":0,"parent":0,"menu_order":0,"comment_status":"open","ping_status":"open","template":"","meta":{"ngg_post_thumbnail":0,"footnotes":""},"class_list":["post-51","page","type-page","status-publish","hentry"],"_links":{"self":[{"href":"https:\/\/www.romankobiela.cz\/index.php?rest_route=\/wp\/v2\/pages\/51","targetHints":{"allow":["GET"]}}],"collection":[{"href":"https:\/\/www.romankobiela.cz\/index.php?rest_route=\/wp\/v2\/pages"}],"about":[{"href":"https:\/\/www.romankobiela.cz\/index.php?rest_route=\/wp\/v2\/types\/page"}],"author":[{"embeddable":true,"href":"https:\/\/www.romankobiela.cz\/index.php?rest_route=\/wp\/v2\/users\/2"}],"replies":[{"embeddable":true,"href":"https:\/\/www.romankobiela.cz\/index.php?rest_route=%2Fwp%2Fv2%2Fcomments&post=51"}],"version-history":[{"count":3,"href":"https:\/\/www.romankobiela.cz\/index.php?rest_route=\/wp\/v2\/pages\/51\/revisions"}],"predecessor-version":[{"id":398,"href":"https:\/\/www.romankobiela.cz\/index.php?rest_route=\/wp\/v2\/pages\/51\/revisions\/398"}],"wp:attachment":[{"href":"https:\/\/www.romankobiela.cz\/index.php?rest_route=%2Fwp%2Fv2%2Fmedia&parent=51"}],"curies":[{"name":"wp","href":"https:\/\/api.w.org\/{rel}","templated":true}]}}